{"id":18,"date":"2022-09-27T15:55:38","date_gmt":"2022-09-27T15:55:38","guid":{"rendered":"http:\/\/rears.sk\/?page_id=18"},"modified":"2024-06-25T10:04:24","modified_gmt":"2024-06-25T10:04:24","slug":"kto-sme-2","status":"publish","type":"page","link":"https:\/\/rears.sk\/?page_id=18&lang=sk","title":{"rendered":"Kto sme"},"content":{"rendered":"\n<p class=\"has-medium-font-size\"><strong>Od roku 1993 p\u00f4sob\u00edme ako developer realitn\u00fdch projektov, spr\u00e1vca nehnute\u013enost\u00ed a realitn\u00fd poradca na slovenskom trhu. Na\u0161a kancel\u00e1ria sa nach\u00e1dza priamo v centre Bratislavy na Panskej 14.<\/strong><\/p>\n\n\n\n<figure class=\"wp-block-image size-large\"><img loading=\"lazy\" decoding=\"async\" width=\"942\" height=\"1024\" src=\"http:\/\/rears.sk\/wp-content\/uploads\/2022\/09\/foto1-942x1024.jpg\" alt=\"\" class=\"wp-image-78\" srcset=\"https:\/\/rears.sk\/wp-content\/uploads\/2022\/09\/foto1-942x1024.jpg 942w, https:\/\/rears.sk\/wp-content\/uploads\/2022\/09\/foto1-276x300.jpg 276w, https:\/\/rears.sk\/wp-content\/uploads\/2022\/09\/foto1-768x834.jpg 768w, https:\/\/rears.sk\/wp-content\/uploads\/2022\/09\/foto1.jpg 1178w\" sizes=\"auto, (max-width: 942px) 100vw, 942px\" \/><\/figure>\n","protected":false},"excerpt":{"rendered":"<p>Od roku 1993 p\u00f4sob\u00edme ako developer realitn\u00fdch projektov, spr\u00e1vca nehnute\u013enost\u00ed a realitn\u00fd poradca na slovenskom trhu. Na\u0161a kancel\u00e1ria sa nach\u00e1dza priamo v centre Bratislavy na Panskej 14.<\/p>\n","protected":false},"author":1,"featured_media":0,"parent":0,"menu_order":0,"comment_status":"closed","ping_status":"closed","template":"","meta":{"footnotes":""},"class_list":["post-18","page","type-page","status-publish","hentry"],"_links":{"self":[{"href":"https:\/\/rears.sk\/index.php?rest_route=\/wp\/v2\/pages\/18","targetHints":{"allow":["GET"]}}],"collection":[{"href":"https:\/\/rears.sk\/index.php?rest_route=\/wp\/v2\/pages"}],"about":[{"href":"https:\/\/rears.sk\/index.php?rest_route=\/wp\/v2\/types\/page"}],"author":[{"embeddable":true,"href":"https:\/\/rears.sk\/index.php?rest_route=\/wp\/v2\/users\/1"}],"replies":[{"embeddable":true,"href":"https:\/\/rears.sk\/index.php?rest_route=%2Fwp%2Fv2%2Fcomments&post=18"}],"version-history":[{"count":5,"href":"https:\/\/rears.sk\/index.php?rest_route=\/wp\/v2\/pages\/18\/revisions"}],"predecessor-version":[{"id":87,"href":"https:\/\/rears.sk\/index.php?rest_route=\/wp\/v2\/pages\/18\/revisions\/87"}],"wp:attachment":[{"href":"https:\/\/rears.sk\/index.php?rest_route=%2Fwp%2Fv2%2Fmedia&parent=18"}],"curies":[{"name":"wp","href":"https:\/\/api.w.org\/{rel}","templated":true}]}}