{"id":28,"date":"2022-09-27T16:05:58","date_gmt":"2022-09-27T16:05:58","guid":{"rendered":"http:\/\/rears.sk\/?page_id=28"},"modified":"2022-09-28T05:26:16","modified_gmt":"2022-09-28T05:26:16","slug":"dopyt","status":"publish","type":"page","link":"https:\/\/rears.sk\/?page_id=28&lang=sk","title":{"rendered":"Dopyt"},"content":{"rendered":"\n<p class=\"has-medium-font-size\"><strong>Pre ot\u00e1zky a ponuky oh\u013eadom aktu\u00e1lnych vo\u013en\u00fdch miest na pren\u00e1jom v na\u0161ich nehnute\u013enostiach, n\u00e1s kontaktujte na:<\/strong><\/p>\n\n\n\n<p class=\"has-medium-font-size\"><strong>Email:&nbsp;&nbsp;&nbsp; &nbsp;<a href=\"mailto:office@rears.sk\">office@rears.sk<\/a><\/strong><\/p>\n\n\n\n<p class=\"has-medium-font-size\"><strong>Telef\u00f3n: +421 &#8211; 2 &#8211; 544 198 40<\/strong><\/p>\n\n\n\n<figure class=\"wp-block-image size-large\"><img loading=\"lazy\" decoding=\"async\" width=\"1024\" height=\"768\" src=\"http:\/\/rears.sk\/wp-content\/uploads\/2022\/09\/foto2-1024x768.jpg\" alt=\"\" class=\"wp-image-92\" srcset=\"https:\/\/rears.sk\/wp-content\/uploads\/2022\/09\/foto2-1024x768.jpg 1024w, https:\/\/rears.sk\/wp-content\/uploads\/2022\/09\/foto2-300x225.jpg 300w, https:\/\/rears.sk\/wp-content\/uploads\/2022\/09\/foto2-768x576.jpg 768w, https:\/\/rears.sk\/wp-content\/uploads\/2022\/09\/foto2.jpg 1280w\" sizes=\"auto, (max-width: 1024px) 100vw, 1024px\" \/><\/figure>\n","protected":false},"excerpt":{"rendered":"<p>Pre ot\u00e1zky a ponuky oh\u013eadom aktu\u00e1lnych vo\u013en\u00fdch miest na pren\u00e1jom v na\u0161ich nehnute\u013enostiach, n\u00e1s kontaktujte na: Email:&nbsp;&nbsp;&nbsp; &nbsp;office@rears.sk Telef\u00f3n: +421 &#8211; 2 &#8211; 544 198 40<\/p>\n","protected":false},"author":1,"featured_media":0,"parent":0,"menu_order":0,"comment_status":"closed","ping_status":"closed","template":"","meta":{"footnotes":""},"class_list":["post-28","page","type-page","status-publish","hentry"],"_links":{"self":[{"href":"https:\/\/rears.sk\/index.php?rest_route=\/wp\/v2\/pages\/28","targetHints":{"allow":["GET"]}}],"collection":[{"href":"https:\/\/rears.sk\/index.php?rest_route=\/wp\/v2\/pages"}],"about":[{"href":"https:\/\/rears.sk\/index.php?rest_route=\/wp\/v2\/types\/page"}],"author":[{"embeddable":true,"href":"https:\/\/rears.sk\/index.php?rest_route=\/wp\/v2\/users\/1"}],"replies":[{"embeddable":true,"href":"https:\/\/rears.sk\/index.php?rest_route=%2Fwp%2Fv2%2Fcomments&post=28"}],"version-history":[{"count":6,"href":"https:\/\/rears.sk\/index.php?rest_route=\/wp\/v2\/pages\/28\/revisions"}],"predecessor-version":[{"id":95,"href":"https:\/\/rears.sk\/index.php?rest_route=\/wp\/v2\/pages\/28\/revisions\/95"}],"wp:attachment":[{"href":"https:\/\/rears.sk\/index.php?rest_route=%2Fwp%2Fv2%2Fmedia&parent=28"}],"curies":[{"name":"wp","href":"https:\/\/api.w.org\/{rel}","templated":true}]}}